{"id":3623,"date":"2019-02-04T10:56:18","date_gmt":"2019-02-04T09:56:18","guid":{"rendered":"http:\/\/www.hotelmontvelan.com\/bar\/"},"modified":"2020-06-17T08:57:03","modified_gmt":"2020-06-17T06:57:03","slug":"bar","status":"publish","type":"page","link":"https:\/\/www.montvelan.it\/es\/bar\/","title":{"rendered":"Caf\u00e9 Bistrot"},"content":{"rendered":"<p>[et_pb_section fb_built=&#8221;1&#8243; _builder_version=&#8221;3.22&#8243; background_color=&#8221;#7f6854&#8243; background_image=&#8221;https:\/\/www.montvelan.it\/wp-content\/uploads\/2018\/07\/wood.jpg&#8221; custom_padding=&#8221;30px|0px|30px|0px|false|false&#8221;][et_pb_row _builder_version=&#8221;3.25&#8243; background_size=&#8221;initial&#8221; background_position=&#8221;top_left&#8221; background_repeat=&#8221;repeat&#8221;][et_pb_column type=&#8221;4_4&#8243; _builder_version=&#8221;3.25&#8243; custom_padding=&#8221;|||&#8221; custom_padding__hover=&#8221;|||&#8221;][et_pb_image src=&#8221;https:\/\/www.montvelan.it\/wp-content\/uploads\/2018\/07\/montvelan-hotel.png&#8221; alt=&#8221;Hotel Mont Velan&#8221; title_text=&#8221;Hotel Mont Velan&#8221; url=&#8221;https:\/\/www.montvelan.it\/es\/&#8221; align=&#8221;center&#8221; align_tablet=&#8221;center&#8221; align_last_edited=&#8221;on|desktop&#8221; _builder_version=&#8221;3.10.1&#8243; max_width=&#8221;15%&#8221; max_width_tablet=&#8221;40%&#8221; max_width_phone=&#8221;50%&#8221; max_width_last_edited=&#8221;on|phone&#8221; global_module=&#8221;2085&#8243; saved_tabs=&#8221;all&#8221; locked=&#8221;off&#8221;]<\/p>\n<p>\u00a0<\/p>\n<p>[\/et_pb_image][et_pb_text admin_label=&#8221;Il Bar&#8221; _builder_version=&#8221;4.4.8&#8243; header_font=&#8221;|700||on|||||&#8221; custom_margin=&#8221;||0px|&#8221; hover_enabled=&#8221;0&#8243;]<\/p>\n<div id=\"welcome\">\n<h1 style=\"text-align: center;\">Caf\u00e9 Bistrot<\/h1>\n<\/div>\n<p>[\/et_pb_text][et_pb_text admin_label=&#8221;Ricerca, passione, gusto e &#8230;&#8221; _builder_version=&#8221;3.27.4&#8243; header_2_text_color=&#8221;#ffffff&#8221; header_5_text_color=&#8221;#ffffff&#8221;]<\/p>\n<h5 style=\"text-align: center;\">Investigaci\u00f3n, pasi\u00f3n, gusto y &#8230;<\/h5>\n<p>[\/et_pb_text][\/et_pb_column][\/et_pb_row][\/et_pb_section][et_pb_section fb_built=&#8221;1&#8243; module_id=&#8221;visa-vertical-booking&#8221; _builder_version=&#8221;3.17.6&#8243; background_color=&#8221;#c0ab82&#8243; custom_padding=&#8221;8px||8px|&#8221; custom_css_main_element=&#8221;display:none&#8221; global_module=&#8221;2803&#8243;][et_pb_row _builder_version=&#8221;3.25&#8243;][et_pb_column type=&#8221;4_4&#8243; _builder_version=&#8221;3.25&#8243; custom_padding=&#8221;|||&#8221; custom_padding__hover=&#8221;|||&#8221;][et_pb_text _builder_version=&#8221;3.27.4&#8243; header_2_text_align=&#8221;center&#8221; header_2_text_color=&#8221;#ffffff&#8221;]<\/p>\n<h2>Reserve desde nuestro sitio, es f\u00e1cil y conveniente!<\/h2>\n<p>[\/et_pb_text][et_pb_code _builder_version=&#8221;3.17.6&#8243; width=&#8221;80%&#8221; max_width=&#8221;1200px&#8221;][vvb_display_form][\/et_pb_code][\/et_pb_column][\/et_pb_row][\/et_pb_section][et_pb_section fb_built=&#8221;1&#8243; _builder_version=&#8221;3.22&#8243; parallax=&#8221;on&#8221; parallax_method=&#8221;off&#8221;][et_pb_row _builder_version=&#8221;3.25&#8243; background_size=&#8221;initial&#8221; background_position=&#8221;top_left&#8221; background_repeat=&#8221;repeat&#8221;][et_pb_column type=&#8221;4_4&#8243; _builder_version=&#8221;3.25&#8243; custom_padding=&#8221;|||&#8221; custom_padding__hover=&#8221;|||&#8221;][et_pb_text _builder_version=&#8221;3.27.4&#8243; text_text_color=&#8221;#666666&#8243; custom_margin=&#8221;|||&#8221;]<\/p>\n<p style=\"text-align: center;\">En el bar de la cervecer\u00eda Saint-Bernard, ubicado dentro del hotel Mont Velan, puede degustar todas las cervezas artesanales de la regi\u00f3n.<br \/>\nEl bar es un lugar de encuentro, con un ambiente c\u00e1lido donde tambi\u00e9n es posible degustar las delicatessen locales y los platos de queso.<\/p>\n<p>[\/et_pb_text][\/et_pb_column][\/et_pb_row][et_pb_row _builder_version=&#8221;3.25&#8243;][et_pb_column type=&#8221;4_4&#8243; _builder_version=&#8221;3.25&#8243; custom_padding=&#8221;|||&#8221; custom_padding__hover=&#8221;|||&#8221;][et_pb_wm_gallery id=&#8221;1752&#8243; _builder_version=&#8221;3.9&#8243; text_font_size_tablet=&#8221;51&#8243; text_line_height_tablet=&#8221;51&#8243; locked=&#8221;on&#8221;]\u00a0<br \/>\n[\/et_pb_wm_gallery][\/et_pb_column][\/et_pb_row][\/et_pb_section][et_pb_section fb_built=&#8221;1&#8243; fullwidth=&#8221;on&#8221; _builder_version=&#8221;3.9&#8243; global_module=&#8221;1695&#8243; locked=&#8221;on&#8221;][et_pb_fullwidth_map address=&#8221;Rue Du Grand Saint Bernard, 13, 11014 Saint-oyen AO, Italia&#8221; zoom_level=&#8221;16&#8243; address_lat=&#8221;45.824719037127&#8243; address_lng=&#8221;7.2132772830505&#8243; mouse_wheel=&#8221;off&#8221; admin_label=&#8221;Mappa&#8221; _builder_version=&#8221;3.10.1&#8243;][et_pb_map_pin title=&#8221;Hotel Mont Velan&#8221; pin_address=&#8221;SS27, 13, 11014 Saint-oyen AO, Italia&#8221; zoom_level=&#8221;16&#8243; pin_address_lat=&#8221;45.82444988424&#8243; pin_address_lng=&#8221;7.2134730843086&#8243; _builder_version=&#8221;3.9&#8243;]<span style=\"color: #333333;\">Rue du Grand Saint Bernard, 13 11014 Saint-Oyen (AO)<\/span> [\/et_pb_map_pin][\/et_pb_fullwidth_map][\/et_pb_section]<\/p>\n","protected":false},"excerpt":{"rendered":"<p>\u00a0 Caf\u00e9 Bistrot Investigaci\u00f3n, pasi\u00f3n, gusto y &#8230; Reserve desde nuestro sitio, es f\u00e1cil y conveniente![vvb_display_form]En el bar de la cervecer\u00eda Saint-Bernard, ubicado dentro del hotel Mont Velan, puede degustar todas las cervezas artesanales de la regi\u00f3n. El bar es un lugar de encuentro, con un ambiente c\u00e1lido donde tambi\u00e9n es posible degustar las delicatessen [&hellip;]<\/p>\n","protected":false},"author":1,"featured_media":0,"parent":0,"menu_order":0,"comment_status":"closed","ping_status":"closed","template":"","meta":{"_et_pb_use_builder":"on","_et_pb_old_content":"","_et_gb_content_width":"","footnotes":""},"class_list":["post-3623","page","type-page","status-publish","hentry"],"yoast_head":"<!-- This site is optimized with the Yoast SEO plugin v27.3 - https:\/\/yoast.com\/product\/yoast-seo-wordpress\/ -->\n<title>Bar Hotel Mont Velan | Maison fond\u00e9e en 1956 | Saint-Oyen (AO)<\/title>\n<meta name=\"description\" content=\"En el bar de la cervecer\u00eda Saint-Bernard, ubicado dentro del hotel Mont Velan, puede degustar todas las cervezas artesanales de la regi\u00f3n.\" \/>\n<meta name=\"robots\" content=\"index, follow, max-snippet:-1, max-image-preview:large, max-video-preview:-1\" \/>\n<link rel=\"canonical\" href=\"https:\/\/www.montvelan.it\/es\/bar\/\" \/>\n<meta property=\"og:locale\" content=\"es_ES\" \/>\n<meta property=\"og:type\" content=\"article\" \/>\n<meta property=\"og:title\" content=\"Bar Hotel Mont Velan | Maison fond\u00e9e en 1956 | Saint-Oyen (AO)\" \/>\n<meta property=\"og:description\" content=\"En el bar de la cervecer\u00eda Saint-Bernard, ubicado dentro del hotel Mont Velan, puede degustar todas las cervezas artesanales de la regi\u00f3n.\" \/>\n<meta property=\"og:url\" content=\"https:\/\/www.montvelan.it\/es\/bar\/\" \/>\n<meta property=\"og:site_name\" content=\"Hotel Mont Velan\" \/>\n<meta property=\"article:modified_time\" content=\"2020-06-17T06:57:03+00:00\" \/>\n<meta name=\"twitter:card\" content=\"summary_large_image\" \/>\n<meta name=\"twitter:label1\" content=\"Tiempo de lectura\" \/>\n\t<meta name=\"twitter:data1\" content=\"3 minutos\" \/>\n<script type=\"application\/ld+json\" class=\"yoast-schema-graph\">{\"@context\":\"https:\\\/\\\/schema.org\",\"@graph\":[{\"@type\":\"WebPage\",\"@id\":\"https:\\\/\\\/www.montvelan.it\\\/es\\\/bar\\\/\",\"url\":\"https:\\\/\\\/www.montvelan.it\\\/es\\\/bar\\\/\",\"name\":\"Bar Hotel Mont Velan | Maison fond\u00e9e en 1956 | Saint-Oyen (AO)\",\"isPartOf\":{\"@id\":\"\\\/#website\"},\"datePublished\":\"2019-02-04T09:56:18+00:00\",\"dateModified\":\"2020-06-17T06:57:03+00:00\",\"description\":\"En el bar de la cervecer\u00eda Saint-Bernard, ubicado dentro del hotel Mont Velan, puede degustar todas las cervezas artesanales de la regi\u00f3n.\",\"breadcrumb\":{\"@id\":\"https:\\\/\\\/www.montvelan.it\\\/es\\\/bar\\\/#breadcrumb\"},\"inLanguage\":\"es\",\"potentialAction\":[{\"@type\":\"ReadAction\",\"target\":[\"https:\\\/\\\/www.montvelan.it\\\/es\\\/bar\\\/\"]}]},{\"@type\":\"BreadcrumbList\",\"@id\":\"https:\\\/\\\/www.montvelan.it\\\/es\\\/bar\\\/#breadcrumb\",\"itemListElement\":[{\"@type\":\"ListItem\",\"position\":1,\"name\":\"Home\",\"item\":\"https:\\\/\\\/www.montvelan.it\\\/es\\\/\"},{\"@type\":\"ListItem\",\"position\":2,\"name\":\"Caf\u00e9 Bistrot\"}]},{\"@type\":\"WebSite\",\"@id\":\"\\\/#website\",\"url\":\"\\\/\",\"name\":\"Hotel Mont Velan\",\"description\":\"Benvenuti - Hotel Mont Velan\",\"potentialAction\":[{\"@type\":\"SearchAction\",\"target\":{\"@type\":\"EntryPoint\",\"urlTemplate\":\"\\\/?s={search_term_string}\"},\"query-input\":{\"@type\":\"PropertyValueSpecification\",\"valueRequired\":true,\"valueName\":\"search_term_string\"}}],\"inLanguage\":\"es\"}]}<\/script>\n<!-- \/ Yoast SEO plugin. -->","yoast_head_json":{"title":"Bar Hotel Mont Velan | Maison fond\u00e9e en 1956 | Saint-Oyen (AO)","description":"En el bar de la cervecer\u00eda Saint-Bernard, ubicado dentro del hotel Mont Velan, puede degustar todas las cervezas artesanales de la regi\u00f3n.","robots":{"index":"index","follow":"follow","max-snippet":"max-snippet:-1","max-image-preview":"max-image-preview:large","max-video-preview":"max-video-preview:-1"},"canonical":"https:\/\/www.montvelan.it\/es\/bar\/","og_locale":"es_ES","og_type":"article","og_title":"Bar Hotel Mont Velan | Maison fond\u00e9e en 1956 | Saint-Oyen (AO)","og_description":"En el bar de la cervecer\u00eda Saint-Bernard, ubicado dentro del hotel Mont Velan, puede degustar todas las cervezas artesanales de la regi\u00f3n.","og_url":"https:\/\/www.montvelan.it\/es\/bar\/","og_site_name":"Hotel Mont Velan","article_modified_time":"2020-06-17T06:57:03+00:00","twitter_card":"summary_large_image","twitter_misc":{"Tiempo de lectura":"3 minutos"},"schema":{"@context":"https:\/\/schema.org","@graph":[{"@type":"WebPage","@id":"https:\/\/www.montvelan.it\/es\/bar\/","url":"https:\/\/www.montvelan.it\/es\/bar\/","name":"Bar Hotel Mont Velan | Maison fond\u00e9e en 1956 | Saint-Oyen (AO)","isPartOf":{"@id":"\/#website"},"datePublished":"2019-02-04T09:56:18+00:00","dateModified":"2020-06-17T06:57:03+00:00","description":"En el bar de la cervecer\u00eda Saint-Bernard, ubicado dentro del hotel Mont Velan, puede degustar todas las cervezas artesanales de la regi\u00f3n.","breadcrumb":{"@id":"https:\/\/www.montvelan.it\/es\/bar\/#breadcrumb"},"inLanguage":"es","potentialAction":[{"@type":"ReadAction","target":["https:\/\/www.montvelan.it\/es\/bar\/"]}]},{"@type":"BreadcrumbList","@id":"https:\/\/www.montvelan.it\/es\/bar\/#breadcrumb","itemListElement":[{"@type":"ListItem","position":1,"name":"Home","item":"https:\/\/www.montvelan.it\/es\/"},{"@type":"ListItem","position":2,"name":"Caf\u00e9 Bistrot"}]},{"@type":"WebSite","@id":"\/#website","url":"\/","name":"Hotel Mont Velan","description":"Benvenuti - Hotel Mont Velan","potentialAction":[{"@type":"SearchAction","target":{"@type":"EntryPoint","urlTemplate":"\/?s={search_term_string}"},"query-input":{"@type":"PropertyValueSpecification","valueRequired":true,"valueName":"search_term_string"}}],"inLanguage":"es"}]}},"_links":{"self":[{"href":"https:\/\/www.montvelan.it\/es\/wp-json\/wp\/v2\/pages\/3623","targetHints":{"allow":["GET"]}}],"collection":[{"href":"https:\/\/www.montvelan.it\/es\/wp-json\/wp\/v2\/pages"}],"about":[{"href":"https:\/\/www.montvelan.it\/es\/wp-json\/wp\/v2\/types\/page"}],"author":[{"embeddable":true,"href":"https:\/\/www.montvelan.it\/es\/wp-json\/wp\/v2\/users\/1"}],"replies":[{"embeddable":true,"href":"https:\/\/www.montvelan.it\/es\/wp-json\/wp\/v2\/comments?post=3623"}],"version-history":[{"count":3,"href":"https:\/\/www.montvelan.it\/es\/wp-json\/wp\/v2\/pages\/3623\/revisions"}],"predecessor-version":[{"id":3925,"href":"https:\/\/www.montvelan.it\/es\/wp-json\/wp\/v2\/pages\/3623\/revisions\/3925"}],"wp:attachment":[{"href":"https:\/\/www.montvelan.it\/es\/wp-json\/wp\/v2\/media?parent=3623"}],"curies":[{"name":"wp","href":"https:\/\/api.w.org\/{rel}","templated":true}]}}