{"id":4929,"date":"2025-01-07T11:04:43","date_gmt":"2025-01-07T10:04:43","guid":{"rendered":"https:\/\/www.hotelmontvelan.com\/?page_id=4929"},"modified":"2025-10-31T11:24:37","modified_gmt":"2025-10-31T10:24:37","slug":"bienvenida-3","status":"publish","type":"page","link":"https:\/\/www.montvelan.it\/es\/","title":{"rendered":"Bienvenida"},"content":{"rendered":"<p>[et_pb_section fb_built=&#8221;1&#8243; fullwidth=&#8221;on&#8221; _builder_version=&#8221;4.21.0&#8243; _module_preset=&#8221;default&#8221; z_index=&#8221;999&#8243; saved_tabs=&#8221;all&#8221; global_colors_info=&#8221;{}&#8221;][et_pb_fullwidth_code _builder_version=&#8221;4.27.4&#8243; _module_preset=&#8221;default&#8221; global_colors_info=&#8221;{}&#8221;]<script charset=\"UTF-8\" defer src=\"https:\/\/cdn.beddy.io\/bol-v2\/prod\/beddy-bar-web-component.js\"><\/script><beddy-bar lang=\"es\" widgetcode=\"c8cc290199f8f\"><\/beddy-bar>[\/et_pb_fullwidth_code][\/et_pb_section][et_pb_section fb_built=&#8221;1&#8243; fullwidth=&#8221;on&#8221; disabled_on=&#8221;off||&#8221; _builder_version=&#8221;4.16&#8243; locked=&#8221;off&#8221; global_colors_info=&#8221;{}&#8221;][et_pb_fullwidth_code admin_label=&#8221;Slider&#8221; _builder_version=&#8221;4.27.4&#8243; hover_enabled=&#8221;0&#8243; global_colors_info=&#8221;{}&#8221; sticky_enabled=&#8221;0&#8243;][\/et_pb_fullwidth_code][\/et_pb_section][et_pb_section fb_built=&#8221;1&#8243; _builder_version=&#8221;4.27.4&#8243; _module_preset=&#8221;default&#8221; background_color=&#8221;#dbc8ab&#8221; custom_padding=&#8221;100px||0px||false|&#8221; locked=&#8221;off&#8221; global_colors_info=&#8221;{}&#8221;][et_pb_row column_structure=&#8221;1_2,1_2&#8243; use_custom_gutter=&#8221;on&#8221; gutter_width=&#8221;2&#8243; _builder_version=&#8221;4.27.4&#8243; _module_preset=&#8221;default&#8221; custom_padding=&#8221;0px||0px||true|&#8221; global_colors_info=&#8221;{}&#8221;][et_pb_column type=&#8221;1_2&#8243; _builder_version=&#8221;4.27.4&#8243; _module_preset=&#8221;default&#8221; border_color_bottom=&#8221;#c0ab82&#8243; global_colors_info=&#8221;{}&#8221;][et_pb_image src=&#8221;https:\/\/www.montvelan.it\/wp-content\/uploads\/2021\/12\/la-brasserie-du-saint-bernard-raquel-davide.png&#8221; title_text=&#8221;la-brasserie-du-saint-bernard-raquel-davide&#8221; align=&#8221;center&#8221; _builder_version=&#8221;4.27.4&#8243; _module_preset=&#8221;default&#8221; max_width=&#8221;550px&#8221; module_alignment=&#8221;left&#8221; custom_margin=&#8221;||0px||false|false&#8221; global_colors_info=&#8221;{}&#8221;][\/et_pb_image][\/et_pb_column][et_pb_column type=&#8221;1_2&#8243; _builder_version=&#8221;4.16&#8243; _module_preset=&#8221;default&#8221; custom_padding=&#8221;35px||35px||true|false&#8221; global_colors_info=&#8221;{}&#8221;][et_pb_text admin_label=&#8221;Albergo 2 stelle a Saint-Oyen&#8221; _builder_version=&#8221;4.16&#8243; header_text_align=&#8221;center&#8221; header_2_text_align=&#8221;center&#8221; header_2_text_color=&#8221;#ffffff&#8221; header_3_text_align=&#8221;center&#8221; header_3_text_color=&#8221;#7a6152&#8243; header_4_text_align=&#8221;center&#8221; header_5_text_align=&#8221;center&#8221; header_5_text_color=&#8221;#ffffff&#8221; header_6_text_align=&#8221;center&#8221; text_orientation=&#8221;center&#8221; custom_margin=&#8221;||15px||false|false&#8221; global_colors_info=&#8221;{}&#8221;]<\/p>\n<h3 style=\"text-align: left;\">Bienvenido<br \/>en <strong>Mont Velan<\/strong><\/h3>\n<p>[\/et_pb_text][et_pb_divider color=&#8221;#a3916d&#8221; _builder_version=&#8221;4.27.4&#8243; _module_preset=&#8221;default&#8221; max_width=&#8221;150px&#8221; module_alignment=&#8221;left&#8221; custom_margin=&#8221;||0px||false|false&#8221; global_colors_info=&#8221;{}&#8221;][\/et_pb_divider][et_pb_text _builder_version=&#8221;4.27.4&#8243; text_text_color=&#8221;#444444&#8243; header_text_align=&#8221;center&#8221; header_2_text_align=&#8221;center&#8221; header_3_text_align=&#8221;center&#8221; header_4_text_align=&#8221;center&#8221; header_5_text_align=&#8221;center&#8221; header_6_text_align=&#8221;center&#8221; text_orientation=&#8221;center&#8221; max_width=&#8221;400px&#8221; module_alignment=&#8221;left&#8221; custom_margin=&#8221;0px||50px|||&#8221; global_colors_info=&#8221;{}&#8221;]<\/p>\n<div class=\"et_pb_module et_pb_text et_pb_text_9  et_pb_text_align_center et_pb_bg_layout_light\">\n<div class=\"et_pb_text_inner\">\n<p style=\"text-align: left;\"><strong>\u00a1Relajaci\u00f3n, sabores y tradici\u00f3n!<\/strong><br \/>Bienvenido a Mont Velan en Saint-Oyen.<\/p>\n<p style=\"text-align: left;\">Ser\u00e1s recibido por m\u00ed y Raquel en este peque\u00f1o hotel familiar en la monta\u00f1a.<\/p>\n<p style=\"text-align: left;\">\u00a1Te estamos esperando!<\/p>\n<\/div>\n<\/div>\n<p>[\/et_pb_text][et_pb_text _builder_version=&#8221;4.27.4&#8243; text_font=&#8221;Bad Script||||||||&#8221; text_text_color=&#8221;#444444&#8243; text_font_size=&#8221;30px&#8221; header_text_align=&#8221;center&#8221; header_2_text_align=&#8221;center&#8221; header_3_text_align=&#8221;center&#8221; header_4_text_align=&#8221;center&#8221; header_5_text_align=&#8221;center&#8221; header_6_text_align=&#8221;center&#8221; text_orientation=&#8221;center&#8221; max_width=&#8221;400px&#8221; module_alignment=&#8221;left&#8221; custom_margin=&#8221;0px||30px|||&#8221; global_colors_info=&#8221;{}&#8221;]<\/p>\n<p style=\"text-align: left;\"><em>Raquel y Davide<\/em><\/p>\n<p>[\/et_pb_text][\/et_pb_column][\/et_pb_row][\/et_pb_section][et_pb_section fb_built=&#8221;1&#8243; fullwidth=&#8221;on&#8221; disabled_on=&#8221;off|off|on&#8221; _builder_version=&#8221;4.27.4&#8243; _module_preset=&#8221;default&#8221; locked=&#8221;off&#8221; global_colors_info=&#8221;{}&#8221;][et_pb_fullwidth_image src=&#8221;https:\/\/www.montvelan.it\/wp-content\/uploads\/2021\/12\/camera-1.jpg&#8221; title_text=&#8221;Camera 1&#8243; _builder_version=&#8221;4.27.4&#8243; _module_preset=&#8221;default&#8221; global_colors_info=&#8221;{}&#8221;][\/et_pb_fullwidth_image][\/et_pb_section][et_pb_section fb_built=&#8221;1&#8243; custom_padding_last_edited=&#8221;on|phone&#8221; _builder_version=&#8221;4.27.4&#8243; _module_preset=&#8221;default&#8221; use_background_color_gradient=&#8221;on&#8221; background_color_gradient_direction=&#8221;90deg&#8221; background_color_gradient_stops=&#8221;rgba(0,0,0,0.35) 0%|rgba(41,196,169,0) 100%&#8221; background_color_gradient_overlays_image=&#8221;on&#8221; background_image=&#8221;https:\/\/www.montvelan.it\/wp-content\/uploads\/2021\/12\/camera-1.jpg&#8221; parallax=&#8221;on&#8221; custom_padding=&#8221;250px|0px|250px|0px|true|true&#8221; custom_padding_tablet=&#8221;120px||120px||true|true&#8221; custom_padding_phone=&#8221;50px||50px||true|true&#8221; background_color_tablet=&#8221;#7a6152&#8243; background_last_edited=&#8221;on|phone&#8221; background_enable_color_tablet=&#8221;on&#8221; use_background_color_gradient_tablet=&#8221;off&#8221; background_enable_image_tablet=&#8221;off&#8221; parallax_tablet=&#8221;off&#8221; locked=&#8221;off&#8221; global_colors_info=&#8221;{}&#8221;][et_pb_row _builder_version=&#8221;4.27.4&#8243; _module_preset=&#8221;default&#8221; custom_padding=&#8221;0px||0px||true|&#8221; global_colors_info=&#8221;{}&#8221;][et_pb_column type=&#8221;4_4&#8243; _builder_version=&#8221;4.27.4&#8243; _module_preset=&#8221;default&#8221; global_colors_info=&#8221;{}&#8221;][et_pb_text _builder_version=&#8221;4.27.4&#8243; _module_preset=&#8221;default&#8221; header_2_text_color=&#8221;#FFFFFF&#8221; custom_margin=&#8221;||10px||false|false&#8221; global_colors_info=&#8221;{}&#8221;]<\/p>\n<h2 style=\"text-align: left;\"><strong>Chambres<br \/><\/strong>Mont Velan<\/h2>\n<p>[\/et_pb_text][et_pb_divider color=&#8221;rgba(255,255,255,0.5)&#8221; _builder_version=&#8221;4.27.4&#8243; _module_preset=&#8221;default&#8221; max_width=&#8221;150px&#8221; custom_margin=&#8221;||0px||false|false&#8221; global_colors_info=&#8221;{}&#8221;][\/et_pb_divider][et_pb_text _builder_version=&#8221;4.27.4&#8243; _module_preset=&#8221;default&#8221; text_text_color=&#8221;#FFFFFF&#8221; max_width=&#8221;550px&#8221; module_alignment=&#8221;left&#8221; custom_margin=&#8221;||50px||false|false&#8221; global_colors_info=&#8221;{}&#8221;]<\/p>\n<p><strong>Casa fundada en 1956.<\/strong><br \/>El hotel abri\u00f3 sus puertas en 1956.<br \/>En 2014 fue renovado y reformado por la familia D\u00e9sandr\u00e9.<br \/>Situado en una zona soleada de Saint-Oyen, domina el valle del Gran San Bernardo.<\/p>\n<p>A s\u00f3lo 15 minutos de Aosta, a pocos minutos del t\u00fanel y del paso del Gran San Bernardo (2.473 m).<\/p>\n<p>[\/et_pb_text][et_pb_button button_url=&#8221;@ET-DC@eyJkeW5hbWljIjp0cnVlLCJjb250ZW50IjoicG9zdF9saW5rX3VybF9wYWdlIiwic2V0dGluZ3MiOnsicG9zdF9pZCI6IjE2MjgifX0=@&#8221; button_text=&#8221;Entrar a las habitaciones&#8221; _builder_version=&#8221;4.27.4&#8243; _dynamic_attributes=&#8221;button_url&#8221; _module_preset=&#8221;default&#8221; global_colors_info=&#8221;{}&#8221;][\/et_pb_button][\/et_pb_column][\/et_pb_row][\/et_pb_section][et_pb_section fb_built=&#8221;1&#8243; fullwidth=&#8221;on&#8221; disabled_on=&#8221;off|off|on&#8221; _builder_version=&#8221;4.27.4&#8243; _module_preset=&#8221;default&#8221; locked=&#8221;off&#8221; global_colors_info=&#8221;{}&#8221;][et_pb_fullwidth_image src=&#8221;https:\/\/www.montvelan.it\/wp-content\/uploads\/2021\/12\/la-brasserie-du-saint-bernard-65.jpeg&#8221; title_text=&#8221;La Brasserie Du Saint Bernard 65&#8243; _builder_version=&#8221;4.27.4&#8243; _module_preset=&#8221;default&#8221; global_colors_info=&#8221;{}&#8221;][\/et_pb_fullwidth_image][\/et_pb_section][et_pb_section fb_built=&#8221;1&#8243; custom_padding_last_edited=&#8221;on|phone&#8221; _builder_version=&#8221;4.27.4&#8243; _module_preset=&#8221;default&#8221; use_background_color_gradient=&#8221;on&#8221; background_color_gradient_direction=&#8221;90deg&#8221; background_color_gradient_stops=&#8221;rgba(0,0,0,0.35) 0%|rgba(41,196,169,0) 100%&#8221; background_color_gradient_overlays_image=&#8221;on&#8221; background_image=&#8221;https:\/\/www.montvelan.it\/wp-content\/uploads\/2021\/12\/la-brasserie-du-saint-bernard-65.jpeg&#8221; parallax=&#8221;on&#8221; custom_padding=&#8221;250px|0px|250px|0px|true|true&#8221; custom_padding_tablet=&#8221;50px||50px||true|true&#8221; custom_padding_phone=&#8221;50px||50px||true|true&#8221; background_color_tablet=&#8221;#7a6152&#8243; background_last_edited=&#8221;on|tablet&#8221; background_enable_color_tablet=&#8221;on&#8221; use_background_color_gradient_tablet=&#8221;off&#8221; background_enable_image_tablet=&#8221;off&#8221; parallax_tablet=&#8221;off&#8221; locked=&#8221;off&#8221; global_colors_info=&#8221;{}&#8221; background__hover_enabled=&#8221;off|desktop&#8221;][et_pb_row _builder_version=&#8221;4.27.4&#8243; _module_preset=&#8221;default&#8221; custom_padding=&#8221;0px||0px||true|&#8221; global_colors_info=&#8221;{}&#8221;][et_pb_column type=&#8221;4_4&#8243; _builder_version=&#8221;4.27.4&#8243; _module_preset=&#8221;default&#8221; global_colors_info=&#8221;{}&#8221;][et_pb_text _builder_version=&#8221;4.27.4&#8243; _module_preset=&#8221;default&#8221; header_2_text_color=&#8221;#FFFFFF&#8221; custom_margin=&#8221;||10px||false|false&#8221; global_colors_info=&#8221;{}&#8221;]<\/p>\n<h2 style=\"text-align: left;\"><strong>Brasserie<\/strong><br \/>du Saint Bernard<\/h2>\n<p>[\/et_pb_text][et_pb_divider color=&#8221;rgba(255,255,255,0.5)&#8221; _builder_version=&#8221;4.27.4&#8243; _module_preset=&#8221;default&#8221; max_width=&#8221;150px&#8221; custom_margin=&#8221;||0px||false|false&#8221; global_colors_info=&#8221;{}&#8221;][\/et_pb_divider][et_pb_text _builder_version=&#8221;4.27.4&#8243; _module_preset=&#8221;default&#8221; text_text_color=&#8221;#FFFFFF&#8221; max_width=&#8221;550px&#8221; module_alignment=&#8221;left&#8221; custom_margin=&#8221;||50px||false|false&#8221; global_colors_info=&#8221;{}&#8221;]<\/p>\n<p><strong>Tradici\u00f3n y territorio<\/strong><\/p>\n<p>En la Brasserie du Saint Bernard, restaurante t\u00edpico de Saint-Oyen (Valle de Aosta), encontrar\u00e1 un ambiente \u00fanico y elegante en pleno estilo monta\u00f1\u00e9s, c\u00e1lido y armonioso&#8230; \u00a1con dos nuevas terrazas panor\u00e1micas!<\/p>\n<p>\u00a1Podr\u00e1s degustar nuestros platos t\u00edpicos y refinados, compuestos exclusivamente de materias primas locales de alta calidad!<\/p>\n<p>[\/et_pb_text][et_pb_button button_url=&#8221;@ET-DC@eyJkeW5hbWljIjp0cnVlLCJjb250ZW50IjoicG9zdF9saW5rX3VybF9wYWdlIiwic2V0dGluZ3MiOnsicG9zdF9pZCI6IjIzIn19@&#8221; button_text=&#8221;Entrar al restaurante&#8221; _builder_version=&#8221;4.27.4&#8243; _dynamic_attributes=&#8221;button_url&#8221; _module_preset=&#8221;default&#8221; global_colors_info=&#8221;{}&#8221;][\/et_pb_button][\/et_pb_column][\/et_pb_row][\/et_pb_section]<\/p>\n","protected":false},"excerpt":{"rendered":"<p>Bienvenidoen Mont Velan \u00a1Relajaci\u00f3n, sabores y tradici\u00f3n!Bienvenido a Mont Velan en Saint-Oyen. Ser\u00e1s recibido por m\u00ed y Raquel en este peque\u00f1o hotel familiar en la monta\u00f1a. \u00a1Te estamos esperando! Raquel y DavideChambresMont VelanCasa fundada en 1956.El hotel abri\u00f3 sus puertas en 1956.En 2014 fue renovado y reformado por la familia D\u00e9sandr\u00e9.Situado en una zona [&hellip;]<\/p>\n","protected":false},"author":1,"featured_media":0,"parent":0,"menu_order":0,"comment_status":"closed","ping_status":"closed","template":"","meta":{"_et_pb_use_builder":"on","_et_pb_old_content":"","_et_gb_content_width":"","footnotes":""},"class_list":["post-4929","page","type-page","status-publish","hentry"],"yoast_head":"<!-- This site is optimized with the Yoast SEO plugin v27.5 - https:\/\/yoast.com\/product\/yoast-seo-wordpress\/ -->\n<title>Hotel Mont Velan | Maison fond\u00e9e en 1956 | Saint-Oyen (AO)<\/title>\n<meta name=\"description\" content=\"El hotel abri\u00f3 sus puertas en 1956. En 2014, fue renovado y reformado por la familia D\u00e9sandr\u00e9. Ubicado en un lugar soleado en Saint-Oyen.\" \/>\n<meta name=\"robots\" content=\"index, follow, max-snippet:-1, max-image-preview:large, max-video-preview:-1\" \/>\n<link rel=\"canonical\" href=\"https:\/\/www.montvelan.it\/es\/\" \/>\n<meta property=\"og:locale\" content=\"es_ES\" \/>\n<meta property=\"og:type\" content=\"article\" \/>\n<meta property=\"og:title\" content=\"Hotel Mont Velan | Maison fond\u00e9e en 1956 | Saint-Oyen (AO)\" \/>\n<meta property=\"og:description\" content=\"El hotel abri\u00f3 sus puertas en 1956. En 2014, fue renovado y reformado por la familia D\u00e9sandr\u00e9. Ubicado en un lugar soleado en Saint-Oyen.\" \/>\n<meta property=\"og:url\" content=\"https:\/\/www.montvelan.it\/es\/\" \/>\n<meta property=\"og:site_name\" content=\"Hotel Mont Velan\" \/>\n<meta property=\"article:modified_time\" content=\"2025-10-31T10:24:37+00:00\" \/>\n<meta name=\"twitter:card\" content=\"summary_large_image\" \/>\n<meta name=\"twitter:label1\" content=\"Tiempo de lectura\" \/>\n\t<meta name=\"twitter:data1\" content=\"2 minutos\" \/>\n<script type=\"application\/ld+json\" class=\"yoast-schema-graph\">{\"@context\":\"https:\\\/\\\/schema.org\",\"@graph\":[{\"@type\":\"WebPage\",\"@id\":\"https:\\\/\\\/www.montvelan.it\\\/es\\\/\",\"url\":\"https:\\\/\\\/www.montvelan.it\\\/es\\\/\",\"name\":\"Hotel Mont Velan | Maison fond\u00e9e en 1956 | Saint-Oyen (AO)\",\"isPartOf\":{\"@id\":\"\\\/#website\"},\"datePublished\":\"2025-01-07T10:04:43+00:00\",\"dateModified\":\"2025-10-31T10:24:37+00:00\",\"description\":\"El hotel abri\u00f3 sus puertas en 1956. En 2014, fue renovado y reformado por la familia D\u00e9sandr\u00e9. Ubicado en un lugar soleado en Saint-Oyen.\",\"breadcrumb\":{\"@id\":\"https:\\\/\\\/www.montvelan.it\\\/es\\\/#breadcrumb\"},\"inLanguage\":\"es\",\"potentialAction\":[{\"@type\":\"ReadAction\",\"target\":[\"https:\\\/\\\/www.montvelan.it\\\/es\\\/\"]}]},{\"@type\":\"BreadcrumbList\",\"@id\":\"https:\\\/\\\/www.montvelan.it\\\/es\\\/#breadcrumb\",\"itemListElement\":[{\"@type\":\"ListItem\",\"position\":1,\"name\":\"Home\",\"item\":\"https:\\\/\\\/www.montvelan.it\\\/es\\\/\"},{\"@type\":\"ListItem\",\"position\":2,\"name\":\"Bienvenida\"}]},{\"@type\":\"WebSite\",\"@id\":\"\\\/#website\",\"url\":\"\\\/\",\"name\":\"Hotel Mont Velan\",\"description\":\"Benvenuti - Hotel Mont Velan\",\"potentialAction\":[{\"@type\":\"SearchAction\",\"target\":{\"@type\":\"EntryPoint\",\"urlTemplate\":\"\\\/?s={search_term_string}\"},\"query-input\":{\"@type\":\"PropertyValueSpecification\",\"valueRequired\":true,\"valueName\":\"search_term_string\"}}],\"inLanguage\":\"es\"}]}<\/script>\n<!-- \/ Yoast SEO plugin. -->","yoast_head_json":{"title":"Hotel Mont Velan | Maison fond\u00e9e en 1956 | Saint-Oyen (AO)","description":"El hotel abri\u00f3 sus puertas en 1956. En 2014, fue renovado y reformado por la familia D\u00e9sandr\u00e9. Ubicado en un lugar soleado en Saint-Oyen.","robots":{"index":"index","follow":"follow","max-snippet":"max-snippet:-1","max-image-preview":"max-image-preview:large","max-video-preview":"max-video-preview:-1"},"canonical":"https:\/\/www.montvelan.it\/es\/","og_locale":"es_ES","og_type":"article","og_title":"Hotel Mont Velan | Maison fond\u00e9e en 1956 | Saint-Oyen (AO)","og_description":"El hotel abri\u00f3 sus puertas en 1956. En 2014, fue renovado y reformado por la familia D\u00e9sandr\u00e9. Ubicado en un lugar soleado en Saint-Oyen.","og_url":"https:\/\/www.montvelan.it\/es\/","og_site_name":"Hotel Mont Velan","article_modified_time":"2025-10-31T10:24:37+00:00","twitter_card":"summary_large_image","twitter_misc":{"Tiempo de lectura":"2 minutos"},"schema":{"@context":"https:\/\/schema.org","@graph":[{"@type":"WebPage","@id":"https:\/\/www.montvelan.it\/es\/","url":"https:\/\/www.montvelan.it\/es\/","name":"Hotel Mont Velan | Maison fond\u00e9e en 1956 | Saint-Oyen (AO)","isPartOf":{"@id":"\/#website"},"datePublished":"2025-01-07T10:04:43+00:00","dateModified":"2025-10-31T10:24:37+00:00","description":"El hotel abri\u00f3 sus puertas en 1956. En 2014, fue renovado y reformado por la familia D\u00e9sandr\u00e9. Ubicado en un lugar soleado en Saint-Oyen.","breadcrumb":{"@id":"https:\/\/www.montvelan.it\/es\/#breadcrumb"},"inLanguage":"es","potentialAction":[{"@type":"ReadAction","target":["https:\/\/www.montvelan.it\/es\/"]}]},{"@type":"BreadcrumbList","@id":"https:\/\/www.montvelan.it\/es\/#breadcrumb","itemListElement":[{"@type":"ListItem","position":1,"name":"Home","item":"https:\/\/www.montvelan.it\/es\/"},{"@type":"ListItem","position":2,"name":"Bienvenida"}]},{"@type":"WebSite","@id":"\/#website","url":"\/","name":"Hotel Mont Velan","description":"Benvenuti - Hotel Mont Velan","potentialAction":[{"@type":"SearchAction","target":{"@type":"EntryPoint","urlTemplate":"\/?s={search_term_string}"},"query-input":{"@type":"PropertyValueSpecification","valueRequired":true,"valueName":"search_term_string"}}],"inLanguage":"es"}]}},"_links":{"self":[{"href":"https:\/\/www.montvelan.it\/es\/wp-json\/wp\/v2\/pages\/4929","targetHints":{"allow":["GET"]}}],"collection":[{"href":"https:\/\/www.montvelan.it\/es\/wp-json\/wp\/v2\/pages"}],"about":[{"href":"https:\/\/www.montvelan.it\/es\/wp-json\/wp\/v2\/types\/page"}],"author":[{"embeddable":true,"href":"https:\/\/www.montvelan.it\/es\/wp-json\/wp\/v2\/users\/1"}],"replies":[{"embeddable":true,"href":"https:\/\/www.montvelan.it\/es\/wp-json\/wp\/v2\/comments?post=4929"}],"version-history":[{"count":3,"href":"https:\/\/www.montvelan.it\/es\/wp-json\/wp\/v2\/pages\/4929\/revisions"}],"predecessor-version":[{"id":5335,"href":"https:\/\/www.montvelan.it\/es\/wp-json\/wp\/v2\/pages\/4929\/revisions\/5335"}],"wp:attachment":[{"href":"https:\/\/www.montvelan.it\/es\/wp-json\/wp\/v2\/media?parent=4929"}],"curies":[{"name":"wp","href":"https:\/\/api.w.org\/{rel}","templated":true}]}}